{"id":112,"date":"2016-08-02T13:00:44","date_gmt":"2016-08-02T19:00:44","guid":{"rendered":"http:\/\/asap-uva.com\/?page_id=112"},"modified":"2025-08-07T08:00:57","modified_gmt":"2025-08-07T14:00:57","slug":"aviso-de-privacidad","status":"publish","type":"page","link":"https:\/\/asap-uva.com\/?page_id=112","title":{"rendered":"AVISO DE PRIVACIDAD"},"content":{"rendered":"<p style=\"text-align: justify;\">Con fundamento en los art\u00edculos 15 y 16 de la Ley Federal de Protecci\u00f3n de Datos Personales en Posesi\u00f3n de Particulares hacemos de su conocimiento que <b>ASAP <\/b><b>SERVICIOS <\/b><b>DE EVALUACION, S.C<\/b>. con domicilio en Av. 602, No.50, Col. San Juan de Arag\u00f3n IV Secci\u00f3n, Alcald\u00eda Gustavo A Madero, C.P. 07979, Ciudad de M\u00e9xico, M\u00e9xico, es responsable de recabar sus datos personales del uso que se le d\u00e9 a los mismo y de su protecci\u00f3n.<\/p>\n<p>Su informaci\u00f3n personal ser\u00e1 utilizada para los siguientes finalidades: proveer los servicios y productos que ha solicitado: notificarle sobre nuevos servicios o productos que tengan relaci\u00f3n con los ya contratados o adquiridos; comunicarle sobre cambios en los mismos; realizar evaluaciones peri\u00f3dicas de nuestros productos y servicios a efecto de mejorar la calidad de los mismos; evaluar la calidad del servicio que brindamos y en general, para dar cumplimiento a las obligaciones que hemos contra\u00eddo con usted.<\/p>\n<p>Para las finalidades antes mencionadas, requerimos obtener los siguientes datos personales:<\/p>\n<ul>\n<li><b><i>NOMBRE COMPLETO<\/i><\/b><\/li>\n<li><b><i>TELEFONO FIJO Y\/O CELULAR<\/i><\/b><\/li>\n<li><b><i>CORREO ELECTRONICO<\/i><\/b><\/li>\n<li><b><i>FIRMA AUTOGRAFA<\/i><\/b><\/li>\n<li><b><i>DIRECCION<\/i><\/b><\/li>\n<li><b><i>RFC Y\/O CURP<\/i><\/b><\/li>\n<li><b><i>COPIAS DE ACTA CONSTITUTIVA, COMPROBANTE DE DOMICILIO, IFE DEL REPRESENTANTE LEGAL, PODER NOTARIAL, ALTA DE HACIENDA.<\/i><\/b><\/li>\n<\/ul>\n<p style=\"text-align: justify;\">Es importante informarle que usted tiene derecho al Acceso, Rectificaci\u00f3n y Cancelaci\u00f3n de sus datos personales, a Oponerse al tratamiento de los mismo o a renovar el consentimiento que para dicho fin nos haya otorgado.<\/p>\n<p>Para ello es necesario que env\u00ede la solicitud en los t\u00e9rminos que marca la Ley en su Art\u00edculo 29, al domicilio ubicado en Av. 602, No.50, Col. San Juan de Arag\u00f3n IV Secci\u00f3n, Alcald\u00eda Gustavo A Madero, C.P. 07979, Ciudad de M\u00e9xico, M\u00e9xico o bien, se comunique al tel\u00e9fono (55)5543-5497 o v\u00eda correo electr\u00f3nico a <u>asap1@asap-uva.com<\/u>, el cual solicitamos confirme v\u00eda telef\u00f3nica.<\/p>\n","protected":false},"excerpt":{"rendered":"<p>Con fundamento en los art\u00edculos 15 y 16 de la Ley Federal de Protecci\u00f3n de Datos Personales en Posesi\u00f3n de Particulares hacemos de su conocimiento que ASAP SERVICIOS DE EVALUACION, S.C. con domicilio en Av. 602, No.50, Col. San Juan de Arag\u00f3n IV Secci\u00f3n, Alcald\u00eda Gustavo A Madero, C.P. 07979, Ciudad de M\u00e9xico, M\u00e9xico, es [&hellip;]<\/p>\n","protected":false},"author":1,"featured_media":113,"parent":0,"menu_order":0,"comment_status":"closed","ping_status":"closed","template":"","meta":{"footnotes":""},"class_list":["post-112","page","type-page","status-publish","has-post-thumbnail","hentry"],"_links":{"self":[{"href":"https:\/\/asap-uva.com\/index.php?rest_route=\/wp\/v2\/pages\/112","targetHints":{"allow":["GET"]}}],"collection":[{"href":"https:\/\/asap-uva.com\/index.php?rest_route=\/wp\/v2\/pages"}],"about":[{"href":"https:\/\/asap-uva.com\/index.php?rest_route=\/wp\/v2\/types\/page"}],"author":[{"embeddable":true,"href":"https:\/\/asap-uva.com\/index.php?rest_route=\/wp\/v2\/users\/1"}],"replies":[{"embeddable":true,"href":"https:\/\/asap-uva.com\/index.php?rest_route=%2Fwp%2Fv2%2Fcomments&post=112"}],"version-history":[{"count":4,"href":"https:\/\/asap-uva.com\/index.php?rest_route=\/wp\/v2\/pages\/112\/revisions"}],"predecessor-version":[{"id":238,"href":"https:\/\/asap-uva.com\/index.php?rest_route=\/wp\/v2\/pages\/112\/revisions\/238"}],"wp:featuredmedia":[{"embeddable":true,"href":"https:\/\/asap-uva.com\/index.php?rest_route=\/wp\/v2\/media\/113"}],"wp:attachment":[{"href":"https:\/\/asap-uva.com\/index.php?rest_route=%2Fwp%2Fv2%2Fmedia&parent=112"}],"curies":[{"name":"wp","href":"https:\/\/api.w.org\/{rel}","templated":true}]}}