{"id":125,"date":"2016-08-02T13:34:46","date_gmt":"2016-08-02T19:34:46","guid":{"rendered":"http:\/\/asap-uva.com\/?page_id=125"},"modified":"2016-08-02T13:34:46","modified_gmt":"2016-08-02T19:34:46","slug":"beneficios-de-usar-nuestra-solicitud-uva","status":"publish","type":"page","link":"https:\/\/asap-uva.com\/?page_id=125","title":{"rendered":"BENEFICIOS DE USAR NUESTRA SOLICITUD (UVA)"},"content":{"rendered":"<ol>\n<li>Agiliza la venta y distribuci\u00f3n de tu mercanc\u00eda.<\/li>\n<li>Aumenta las posibilidades de nuevos mercados, al mejorar tiempos de respuesta y distribuci\u00f3n.<\/li>\n<li>Accesa a clientes y tiendas de prestigio.<\/li>\n<li>\u00a0Disminuye \u00a0costos de almacenamiento.<\/li>\n<li>\u00a0Disminuye \u00a0riesgos \u00a0de inmovilizaci\u00f3n de tu mercanc\u00eda por autoridades reguladoras (Profeco, SE).<\/li>\n<li>Alta competitividad de tus productos<\/li>\n<\/ol>\n<p>Trat\u00e1ndose de importadores que deseen cumplir con las Normas Oficiales Mexicanas en territorio nacional y en su domicilio particular, \u00e9stos pueden acudir directamente a ASAP Servicios de Evaluaci\u00f3n SC o contactarnos v\u00eda telef\u00f3nica y posterior a la firma de contrato solicitar nuestra solicitud de verificaci\u00f3n.<\/p>\n<p>Para obtener este beneficio es necesario que el importador cumpla con los siguientes requisitos:<\/p>\n<ol>\n<li>Estar inscritos en el padr\u00f3n de importadores con una antig\u00fcedad no menor a 2 a\u00f1os.<\/li>\n<li>Haber importado al pa\u00eds m\u00e1s de 100 mil dls. durante los \u00faltimos 12 meses<\/li>\n<li>Etiquetar la mercanc\u00eda en un plazo de 15 \u00f3 40 d\u00edas naturales despu\u00e9s del despacho aduanero.<\/li>\n<\/ol>\n","protected":false},"excerpt":{"rendered":"<p>Agiliza la venta y distribuci\u00f3n de tu mercanc\u00eda. Aumenta las posibilidades de nuevos mercados, al mejorar tiempos de respuesta y distribuci\u00f3n. Accesa a clientes y tiendas de prestigio. \u00a0Disminuye \u00a0costos de almacenamiento. \u00a0Disminuye \u00a0riesgos \u00a0de inmovilizaci\u00f3n de tu mercanc\u00eda por autoridades reguladoras (Profeco, SE). Alta competitividad de tus productos Trat\u00e1ndose de importadores que deseen cumplir [&hellip;]<\/p>\n","protected":false},"author":1,"featured_media":0,"parent":0,"menu_order":0,"comment_status":"closed","ping_status":"closed","template":"","meta":{"footnotes":""},"class_list":["post-125","page","type-page","status-publish","hentry"],"_links":{"self":[{"href":"https:\/\/asap-uva.com\/index.php?rest_route=\/wp\/v2\/pages\/125","targetHints":{"allow":["GET"]}}],"collection":[{"href":"https:\/\/asap-uva.com\/index.php?rest_route=\/wp\/v2\/pages"}],"about":[{"href":"https:\/\/asap-uva.com\/index.php?rest_route=\/wp\/v2\/types\/page"}],"author":[{"embeddable":true,"href":"https:\/\/asap-uva.com\/index.php?rest_route=\/wp\/v2\/users\/1"}],"replies":[{"embeddable":true,"href":"https:\/\/asap-uva.com\/index.php?rest_route=%2Fwp%2Fv2%2Fcomments&post=125"}],"version-history":[{"count":1,"href":"https:\/\/asap-uva.com\/index.php?rest_route=\/wp\/v2\/pages\/125\/revisions"}],"predecessor-version":[{"id":126,"href":"https:\/\/asap-uva.com\/index.php?rest_route=\/wp\/v2\/pages\/125\/revisions\/126"}],"wp:attachment":[{"href":"https:\/\/asap-uva.com\/index.php?rest_route=%2Fwp%2Fv2%2Fmedia&parent=125"}],"curies":[{"name":"wp","href":"https:\/\/api.w.org\/{rel}","templated":true}]}}