{"id":14,"date":"2016-08-01T15:08:20","date_gmt":"2016-08-01T21:08:20","guid":{"rendered":"http:\/\/asap-uva.com\/?page_id=14"},"modified":"2016-08-02T19:30:51","modified_gmt":"2016-08-03T01:30:51","slug":"nuestro-proceso-de-verificacion","status":"publish","type":"page","link":"https:\/\/asap-uva.com\/?page_id=14","title":{"rendered":"PROCESO DE VERIFICACI\u00d3N"},"content":{"rendered":"<p>&nbsp;<\/p>\n<p style=\"text-align: justify;\">Nuestro proceso de verificaci\u00f3n permite al importador ahorrar tiempo, dinero y agilizar los tr\u00e1mites derivados de la importaci\u00f3n. Disminuimos el tiempo de desaduanamiento de la mercanc\u00eda de importaci\u00f3n ya que es suficiente presentar en la Aduana el contrato de prestaci\u00f3n de servicios y solicitud de servicio para posponer el cumplimiento con las NOM\u2019s (requisito no arancelario) dentro de un almac\u00e9n o en domicilio particular.<\/p>\n<p style=\"text-align: justify;\">Los documentos que emitimos avalan el cumplimiento con las NOM\u2019s y son reconocidos por todas las autoridades competentes.<\/p>\n<p><img loading=\"lazy\" decoding=\"async\" class=\"size-full wp-image-36 alignnone\" src=\"http:\/\/asap-uva.com\/wp-content\/uploads\/2016\/08\/diagrama-1.png\" alt=\"diagrama\" width=\"938\" height=\"621\" srcset=\"https:\/\/asap-uva.com\/wp-content\/uploads\/2016\/08\/diagrama-1.png 938w, https:\/\/asap-uva.com\/wp-content\/uploads\/2016\/08\/diagrama-1-300x199.png 300w, https:\/\/asap-uva.com\/wp-content\/uploads\/2016\/08\/diagrama-1-768x508.png 768w\" sizes=\"auto, (max-width: 938px) 100vw, 938px\" \/><\/p>\n<p>&nbsp;<\/p>\n<p style=\"text-align: justify;\">Como resultado de la verificaci\u00f3n emitimos dos documentos: el <strong>dictamen<\/strong> y la <strong>constancia<\/strong>.<\/p>\n<h3 style=\"text-align: justify; padding: 15px 0px;\"><i class=\"fa fa-file-text-o\"><\/i> Dict\u00e1men<\/h3>\n<p style=\"text-align: justify;\">El <strong>dictamen<\/strong> es el documento que expide la Unidad de Verificaci\u00f3n despu\u00e9s de verificar que los productos importados han sido etiquetados de acuerdo a los requerimientos de las NOM\u00b4s tras cumplir con los requisitos establecidos en el acuerdo de normas<\/p>\n<ul style=\"text-align: justify;\">\n<li>Es \u00fatil a importadores<\/li>\n<li>Es obligatorio para poder etiquetar productos importados en Territorio Nacional.<\/li>\n<\/ul>\n<h3 style=\"text-align: justify; padding: 15px 0px;\"><i class=\"fa fa-file-text-o\"><\/i> Constancia<\/h3>\n<p style=\"text-align: justify;\">La <strong>constancia<\/strong> es el documento que expide la Unidad de Verificaci\u00f3n cuando las etiquetas de un producto cumple con todos los requisitos establecidos en las NOM\u00b4s.<\/p>\n<ul>\n<li style=\"text-align: justify;\">Es \u00fatil a fabricantes nacionales e importadores que etiquetan de origen<\/li>\n<li style=\"text-align: justify;\">Es de car\u00e1cter voluntario<\/li>\n<\/ul>\n","protected":false},"excerpt":{"rendered":"<p>&nbsp; Nuestro proceso de verificaci\u00f3n permite al importador ahorrar tiempo, dinero y agilizar los tr\u00e1mites derivados de la importaci\u00f3n. Disminuimos el tiempo de desaduanamiento de la mercanc\u00eda de importaci\u00f3n ya que es suficiente presentar en la Aduana el contrato de prestaci\u00f3n de servicios y solicitud de servicio para posponer el cumplimiento con las NOM\u2019s (requisito [&hellip;]<\/p>\n","protected":false},"author":1,"featured_media":0,"parent":0,"menu_order":0,"comment_status":"closed","ping_status":"closed","template":"","meta":{"footnotes":""},"class_list":["post-14","page","type-page","status-publish","hentry"],"_links":{"self":[{"href":"https:\/\/asap-uva.com\/index.php?rest_route=\/wp\/v2\/pages\/14","targetHints":{"allow":["GET"]}}],"collection":[{"href":"https:\/\/asap-uva.com\/index.php?rest_route=\/wp\/v2\/pages"}],"about":[{"href":"https:\/\/asap-uva.com\/index.php?rest_route=\/wp\/v2\/types\/page"}],"author":[{"embeddable":true,"href":"https:\/\/asap-uva.com\/index.php?rest_route=\/wp\/v2\/users\/1"}],"replies":[{"embeddable":true,"href":"https:\/\/asap-uva.com\/index.php?rest_route=%2Fwp%2Fv2%2Fcomments&post=14"}],"version-history":[{"count":9,"href":"https:\/\/asap-uva.com\/index.php?rest_route=\/wp\/v2\/pages\/14\/revisions"}],"predecessor-version":[{"id":166,"href":"https:\/\/asap-uva.com\/index.php?rest_route=\/wp\/v2\/pages\/14\/revisions\/166"}],"wp:attachment":[{"href":"https:\/\/asap-uva.com\/index.php?rest_route=%2Fwp%2Fv2%2Fmedia&parent=14"}],"curies":[{"name":"wp","href":"https:\/\/api.w.org\/{rel}","templated":true}]}}