{"id":148,"date":"2016-08-02T16:04:12","date_gmt":"2016-08-02T22:04:12","guid":{"rendered":"http:\/\/asap-uva.com\/?page_id=148"},"modified":"2016-08-02T16:48:02","modified_gmt":"2016-08-02T22:48:02","slug":"quienes-somos-2","status":"publish","type":"page","link":"https:\/\/asap-uva.com\/?page_id=148","title":{"rendered":"QUI\u00c9NES SOMOS"},"content":{"rendered":"<p>Somos \u00a0Unidad de Verificaci\u00f3n de Informaci\u00f3n Comercial \u00a0Acreditada \u00a0por la Entidad Mexicana de Acreditaci\u00f3n (EMA) \u00a0y aprobada por la Secretar\u00eda de Econom\u00eda (SE), en t\u00e9rminos de la Ley Federal de Metrolog\u00eda y Normalizaci\u00f3n.<\/p>\n<p>Comprobamos \u00a0mediante muestreo el etiquetado de productos evidenciando el cumplimiento de la Informaci\u00f3n comercial obligatoria requerida por las Normas Oficiales Mexicanas, mediante la emisi\u00f3n de \u00a0Dict\u00e1menes de Cumplimiento \u00f3 Constancias de Conformidad los cuales tienen validez oficial ante las autoridades que as\u00ed lo requieran (SE, DGN, EMA, PROFECO etc.).<\/p>\n<h3 style=\"color: #00467F; padding:10px 0px\"><i class=\"fa fa-child\" style=\"color: #fdb913;\"><\/i>\u00a0Misi\u00f3n<\/h3>\n<p>Garantizar que los servicios de verificaci\u00f3n normativa que otorgamos sean inmediatos; \u201ctan pronto como sea posible\u201d es nuestro lema e indica el compromiso que establecemos con nuestros clientes en la eficiencia y capacidad de respuesta.<\/p>\n<h3 style=\"color: #00467F; padding:10px 0px\"><i class=\"fa fa-eye\" style=\"color: #fdb913;\"><\/i> Visi\u00f3n<\/h3>\n<p>Con la implementaci\u00f3n de procesos creativos e innovadores pretendemos implantar sistemas de administraci\u00f3n competitivos y con tecnolog\u00eda de punta para dar respuesta eficiente a los requerimientos de nuestros clientes.<\/p>\n<h3 style=\"color: #00467F; padding:10px 0px\"><i class=\"fa fa-diamond\" style=\"color: #fdb913;\"><\/i> Valores<\/h3>\n<p style=\"text-align: justify;\">ASAP, Servicios de Evaluaci\u00f3n S.C., se responsabiliza de prestar los servicios de verificaci\u00f3n de informaci\u00f3n comercial a todo aquel que lo solicite bajo los siguientes principios de operaci\u00f3n: \u00a0 \u00a0 \u00a0 \u00a0 \u00a0 \u00a0 \u00a0 \u00a0 \u00a0 \u00a0 \u00a0 \u00a0 \u00a0 \u00a0 \u00a0 \u00a0 \u00a0 \u00a0 \u00a0 \u00a0 \u00a0 \u00a0 \u00a0 \u00a0 \u00a0 \u00a0 \u00a0 \u00a0 \u00a0 \u00a0 \u00a0 \u00a0 \u00a0 \u00a0 \u00a0 \u00a0 \u00a0 \u00a0 \u00a0 \u00a0 <\/p>\n<p style=\"text-align: justify;\"><strong>Imparcialidad:<\/strong> \u00a0El personal de \u00a0ASAP est\u00e1 libre de cualquier presi\u00f3n comercial, financiera o de cualquier otro tipo que pueda afectar su juicio como Unidad de Verificaci\u00f3n<\/p>\n<p style=\"text-align: justify;\"><strong>Confidencialidad:<\/strong> La informaci\u00f3n confidencial que maneje la Unidad de Verificaci\u00f3n, ser\u00e1 de la exclusiva propiedad de la parte que la proporcione y no podr\u00e1 ser divulgada de forma alguna.<\/p>\n<h3 style=\"color: #00467F; padding:10px 0px\"><i class=\"fa fa-star\" style=\"color: #fdb913;\"><\/i> Pol\u00edtica de Calidad<\/h3>\n<p style=\"text-align: justify;\">El compromiso que tenemos como Unidad de Verificaci\u00f3n de Informaci\u00f3n Comercial es cumplir con los requisitos del sistema de Administraci\u00f3n de la Calidad a trav\u00e9s de la mejora continua de nuestro personal y sus procesos.<\/p>\n","protected":false},"excerpt":{"rendered":"<p>Somos \u00a0Unidad de Verificaci\u00f3n de Informaci\u00f3n Comercial \u00a0Acreditada \u00a0por la Entidad Mexicana de Acreditaci\u00f3n (EMA) \u00a0y aprobada por la Secretar\u00eda de Econom\u00eda (SE), en t\u00e9rminos de la Ley Federal de Metrolog\u00eda y Normalizaci\u00f3n. Comprobamos \u00a0mediante muestreo el etiquetado de productos evidenciando el cumplimiento de la Informaci\u00f3n comercial obligatoria requerida por las Normas Oficiales Mexicanas, mediante [&hellip;]<\/p>\n","protected":false},"author":1,"featured_media":0,"parent":0,"menu_order":0,"comment_status":"closed","ping_status":"closed","template":"","meta":{"footnotes":""},"class_list":["post-148","page","type-page","status-publish","hentry"],"_links":{"self":[{"href":"https:\/\/asap-uva.com\/index.php?rest_route=\/wp\/v2\/pages\/148","targetHints":{"allow":["GET"]}}],"collection":[{"href":"https:\/\/asap-uva.com\/index.php?rest_route=\/wp\/v2\/pages"}],"about":[{"href":"https:\/\/asap-uva.com\/index.php?rest_route=\/wp\/v2\/types\/page"}],"author":[{"embeddable":true,"href":"https:\/\/asap-uva.com\/index.php?rest_route=\/wp\/v2\/users\/1"}],"replies":[{"embeddable":true,"href":"https:\/\/asap-uva.com\/index.php?rest_route=%2Fwp%2Fv2%2Fcomments&post=148"}],"version-history":[{"count":8,"href":"https:\/\/asap-uva.com\/index.php?rest_route=\/wp\/v2\/pages\/148\/revisions"}],"predecessor-version":[{"id":161,"href":"https:\/\/asap-uva.com\/index.php?rest_route=\/wp\/v2\/pages\/148\/revisions\/161"}],"wp:attachment":[{"href":"https:\/\/asap-uva.com\/index.php?rest_route=%2Fwp%2Fv2%2Fmedia&parent=148"}],"curies":[{"name":"wp","href":"https:\/\/api.w.org\/{rel}","templated":true}]}}