{"id":164,"date":"2016-08-02T21:34:38","date_gmt":"2016-08-03T03:34:38","guid":{"rendered":"http:\/\/asap-uva.com\/?page_id=164"},"modified":"2016-08-02T21:52:04","modified_gmt":"2016-08-03T03:52:04","slug":"servicios","status":"publish","type":"page","link":"https:\/\/asap-uva.com\/?page_id=164","title":{"rendered":"SERVICIOS"},"content":{"rendered":"<p><b><div class=\"su-service\"><div class=\"su-service-title\" style=\"padding-left:46px;min-height:32px;line-height:32px\"><i class=\"sui sui-check-square-o\" style=\"font-size:32px;color:#333\"><\/i> Verificaci\u00f3n de Normas Oficiales Mexicanas.<\/div><div class=\"su-service-content su-u-clearfix su-u-trim\" style=\"padding-left:46px\"><\/div><\/div><\/b><\/p>\n<div class=\"su-service\"><div class=\"su-service-title\" style=\"padding-left:46px;min-height:32px;line-height:32px\"><i class=\"sui sui-group\" style=\"font-size:32px;color:#333\"><\/i> Asesor\u00eda de importaci\u00f3n, opini\u00f3n t\u00e9cnica de etiquetado y verificaci\u00f3n en todo momento.<\/div><div class=\"su-service-content su-u-clearfix su-u-trim\" style=\"padding-left:46px\"><\/div><\/div>\n<div class=\"su-service\"><div class=\"su-service-title\" style=\"padding-left:46px;min-height:32px;line-height:32px\"><i class=\"sui sui-file-text-o\" style=\"font-size:32px;color:#333\"><\/i> Solicitudes ASAP para liberar de inmediato en aduana en caso de importaciones.<\/div><div class=\"su-service-content su-u-clearfix su-u-trim\" style=\"padding-left:46px\"><\/div><\/div>\n<div class=\"su-service\"><div class=\"su-service-title\" style=\"padding-left:46px;min-height:32px;line-height:32px\"><i class=\"sui sui-dollar\" style=\"font-size:32px;color:#333\"><\/i> Adaptamos los servicios de verificaci\u00f3n a tus necesidades y presupuesto.<\/div><div class=\"su-service-content su-u-clearfix su-u-trim\" style=\"padding-left:46px\"><\/div><\/div>\n<div class=\"su-service\"><div class=\"su-service-title\" style=\"padding-left:46px;min-height:32px;line-height:32px\"><i class=\"sui sui-history\" style=\"font-size:32px;color:#333\"><\/i> Rapidez, eficiencia y confianza.<\/div><div class=\"su-service-content su-u-clearfix su-u-trim\" style=\"padding-left:46px\"><\/div><\/div>\n<p>Las actividades de verificaci\u00f3n se desarrollan con el prop\u00f3sito de evaluar el grado de cumplimiento de la informaci\u00f3n Comercial \u00a0que deben contener los productos \u00a0de acuerdo a los requerimientos de las Normas Oficiales Mexicanas a fin de garantizar y proteger al consumidor de manera que \u00a0pueda elegir qu\u00e9 comprar con pleno conocimiento o cuando estos puedan constituir un riesgo para la seguridad personal o da\u00f1ar la salud humana, animal, vegetal o el medio ambiente general.<\/p>\n<h3 style=\"text-align: center;\">Normas Acreditadas<\/h3>\n<table class=\"tabla_normas\" width=\"100%\">\n<tbody>\n<tr>\n<td width=\"24%\">\n<h6 style=\"text-align: center;\">NOM-004-SCFI-2006<\/h6>\n<\/td>\n<td width=\"29%\"><img loading=\"lazy\" decoding=\"async\" class=\"alignnone size-full wp-image-44 fotos\" src=\"http:\/\/asap-uva.com\/wp-content\/uploads\/2016\/08\/store-1338629_640.jpg\" alt=\"store-1338629_640\" width=\"640\" height=\"430\" srcset=\"https:\/\/asap-uva.com\/wp-content\/uploads\/2016\/08\/store-1338629_640.jpg 640w, https:\/\/asap-uva.com\/wp-content\/uploads\/2016\/08\/store-1338629_640-300x202.jpg 300w\" sizes=\"auto, (max-width: 640px) 100vw, 640px\" \/><\/td>\n<td style=\"text-align: justify;\" width=\"44%\">Informaci\u00f3n comercial-etiquetado de productos textiles, prendas de vestir, sus accesorios y ropa de casa.<\/td>\n<\/tr>\n<tr>\n<td>\n<h6 style=\"text-align: center;\">NOM-015-SCFI-2007<\/h6>\n<\/td>\n<td><img loading=\"lazy\" decoding=\"async\" class=\"alignnone size-full wp-image-45 fotos\" src=\"http:\/\/asap-uva.com\/wp-content\/uploads\/2016\/08\/toys-1514273_640.jpg\" alt=\"toys-1514273_640\" width=\"640\" height=\"426\" srcset=\"https:\/\/asap-uva.com\/wp-content\/uploads\/2016\/08\/toys-1514273_640.jpg 640w, https:\/\/asap-uva.com\/wp-content\/uploads\/2016\/08\/toys-1514273_640-300x200.jpg 300w\" sizes=\"auto, (max-width: 640px) 100vw, 640px\" \/><\/td>\n<td style=\"text-align: justify;\">Informaci\u00f3n comercial-etiquetado\u00a0para juguetes.<\/td>\n<\/tr>\n<tr>\n<td>\n<h6 style=\"text-align: center;\">NOM-020-SCFI-1997<\/h6>\n<\/td>\n<td><img loading=\"lazy\" decoding=\"async\" class=\"alignnone size-full wp-image-50 fotos\" src=\"http:\/\/asap-uva.com\/wp-content\/uploads\/2016\/08\/belt-952834_640.jpg\" alt=\"belt-952834_640\" width=\"640\" height=\"425\" srcset=\"https:\/\/asap-uva.com\/wp-content\/uploads\/2016\/08\/belt-952834_640.jpg 640w, https:\/\/asap-uva.com\/wp-content\/uploads\/2016\/08\/belt-952834_640-300x199.jpg 300w\" sizes=\"auto, (max-width: 640px) 100vw, 640px\" \/><\/td>\n<td style=\"text-align: justify;\">Informaci\u00f3n comercial-etiquetado de cueros y pieles curtidas naturales y materiales sint\u00e9ticos o artificiales con esa apariencia, calzado, marroquiner\u00eda, as\u00ed como los productos elaborados con dichos materiales.<\/td>\n<\/tr>\n<tr>\n<td>\n<h6 style=\"text-align: center;\">NOM-024-SCFI-2013<\/h6>\n<\/td>\n<td><img loading=\"lazy\" decoding=\"async\" class=\"alignnone size-full wp-image-54 fotos\" src=\"http:\/\/asap-uva.com\/wp-content\/uploads\/2016\/08\/vacuum-cleaner-657719_640.jpg\" alt=\"vacuum-cleaner-657719_640\" width=\"640\" height=\"426\" srcset=\"https:\/\/asap-uva.com\/wp-content\/uploads\/2016\/08\/vacuum-cleaner-657719_640.jpg 640w, https:\/\/asap-uva.com\/wp-content\/uploads\/2016\/08\/vacuum-cleaner-657719_640-300x200.jpg 300w\" sizes=\"auto, (max-width: 640px) 100vw, 640px\" \/><\/td>\n<td style=\"text-align: justify;\">Informaci\u00f3n comercial\u00a0para empaques, instructivos y garant\u00edas de los productos\u00a0electr\u00f3nicos, el\u00e9ctricos y electrodom\u00e9sticos.<\/td>\n<\/tr>\n<tr>\n<td>\n<h6 style=\"text-align: center;\">NOM-050-SCFI-2004<\/h6>\n<\/td>\n<td><\/td>\n<td style=\"text-align: justify;\">Informaci\u00f3n comercial-etiquetado general de productos.<\/td>\n<\/tr>\n<tr>\n<td>\n<h6 style=\"text-align: center;\">NOM-051-SCFI\/SSA1-2010<\/h6>\n<\/td>\n<td><img loading=\"lazy\" decoding=\"async\" class=\"alignnone size-full wp-image-52 fotos\" src=\"http:\/\/asap-uva.com\/wp-content\/uploads\/2016\/08\/egg-1504992_640.png\" alt=\"egg-1504992_640\" width=\"640\" height=\"529\" srcset=\"https:\/\/asap-uva.com\/wp-content\/uploads\/2016\/08\/egg-1504992_640.png 640w, https:\/\/asap-uva.com\/wp-content\/uploads\/2016\/08\/egg-1504992_640-300x248.png 300w\" sizes=\"auto, (max-width: 640px) 100vw, 640px\" \/><\/td>\n<td style=\"text-align: justify;\">Especificaciones\u00a0generales de etiquetado para alimentos y bebidas no alcoh\u00f3licas\u00a0preenvasados &#8211; informaci\u00f3n comercial y sanitaria.<\/td>\n<\/tr>\n<tr>\n<td>\n<h6 style=\"text-align: center;\">NOM-141-SSA1\/SCFI-2012<\/h6>\n<\/td>\n<td><img loading=\"lazy\" decoding=\"async\" class=\"alignnone size-full wp-image-53 fotos\" src=\"http:\/\/asap-uva.com\/wp-content\/uploads\/2016\/08\/make-up-1209798_640.jpg\" alt=\"make-up-1209798_640\" width=\"640\" height=\"437\" srcset=\"https:\/\/asap-uva.com\/wp-content\/uploads\/2016\/08\/make-up-1209798_640.jpg 640w, https:\/\/asap-uva.com\/wp-content\/uploads\/2016\/08\/make-up-1209798_640-300x205.jpg 300w\" sizes=\"auto, (max-width: 640px) 100vw, 640px\" \/><\/td>\n<td style=\"text-align: justify;\">Etiquetado para productos cosm\u00e9ticos preenvasados. Etiquetado sanitario y comercial.<\/td>\n<\/tr>\n<tr>\n<td>\n<h6 style=\"text-align: center;\">NOM-142-SSA1\/SCFI-2014<\/h6>\n<\/td>\n<td><img loading=\"lazy\" decoding=\"async\" class=\"alignnone size-full wp-image-55 fotos\" src=\"http:\/\/asap-uva.com\/wp-content\/uploads\/2016\/08\/the-bottle-427953_640.jpg\" alt=\"the-bottle-427953_640\" width=\"640\" height=\"423\" srcset=\"https:\/\/asap-uva.com\/wp-content\/uploads\/2016\/08\/the-bottle-427953_640.jpg 640w, https:\/\/asap-uva.com\/wp-content\/uploads\/2016\/08\/the-bottle-427953_640-300x198.jpg 300w\" sizes=\"auto, (max-width: 640px) 100vw, 640px\" \/><\/td>\n<td>\u00a0Bebidas alcoh\u00f3licas. Especificaciones sanitarias. Etiquetado sanitario y comercial.<\/td>\n<\/tr>\n<tr>\n<td>\n<h6 style=\"text-align: center;\">NOM-189-SSA1\/SCFI-2002<\/h6>\n<\/td>\n<td><img loading=\"lazy\" decoding=\"async\" class=\"alignnone size-full wp-image-51 fotos\" src=\"http:\/\/asap-uva.com\/wp-content\/uploads\/2016\/08\/clean-571679_640.jpg\" alt=\"clean-571679_640\" width=\"640\" height=\"431\" srcset=\"https:\/\/asap-uva.com\/wp-content\/uploads\/2016\/08\/clean-571679_640.jpg 640w, https:\/\/asap-uva.com\/wp-content\/uploads\/2016\/08\/clean-571679_640-300x202.jpg 300w\" sizes=\"auto, (max-width: 640px) 100vw, 640px\" \/><\/td>\n<td>Productos y servicios. Etiquetado y envasado para productos de aseo de uso domestico.<\/td>\n<\/tr>\n<\/tbody>\n<\/table>\n","protected":false},"excerpt":{"rendered":"<p>Las actividades de verificaci\u00f3n se desarrollan con el prop\u00f3sito de evaluar el grado de cumplimiento de la informaci\u00f3n Comercial \u00a0que deben contener los productos \u00a0de acuerdo a los requerimientos de las Normas Oficiales Mexicanas a fin de garantizar y proteger al consumidor de manera que \u00a0pueda elegir qu\u00e9 comprar con pleno conocimiento o cuando estos [&hellip;]<\/p>\n","protected":false},"author":1,"featured_media":0,"parent":0,"menu_order":0,"comment_status":"closed","ping_status":"closed","template":"","meta":{"footnotes":""},"class_list":["post-164","page","type-page","status-publish","hentry"],"_links":{"self":[{"href":"https:\/\/asap-uva.com\/index.php?rest_route=\/wp\/v2\/pages\/164","targetHints":{"allow":["GET"]}}],"collection":[{"href":"https:\/\/asap-uva.com\/index.php?rest_route=\/wp\/v2\/pages"}],"about":[{"href":"https:\/\/asap-uva.com\/index.php?rest_route=\/wp\/v2\/types\/page"}],"author":[{"embeddable":true,"href":"https:\/\/asap-uva.com\/index.php?rest_route=\/wp\/v2\/users\/1"}],"replies":[{"embeddable":true,"href":"https:\/\/asap-uva.com\/index.php?rest_route=%2Fwp%2Fv2%2Fcomments&post=164"}],"version-history":[{"count":6,"href":"https:\/\/asap-uva.com\/index.php?rest_route=\/wp\/v2\/pages\/164\/revisions"}],"predecessor-version":[{"id":174,"href":"https:\/\/asap-uva.com\/index.php?rest_route=\/wp\/v2\/pages\/164\/revisions\/174"}],"wp:attachment":[{"href":"https:\/\/asap-uva.com\/index.php?rest_route=%2Fwp%2Fv2%2Fmedia&parent=164"}],"curies":[{"name":"wp","href":"https:\/\/api.w.org\/{rel}","templated":true}]}}