{"id":175,"date":"2016-08-02T22:04:25","date_gmt":"2016-08-03T04:04:25","guid":{"rendered":"http:\/\/asap-uva.com\/?page_id=175"},"modified":"2016-08-02T22:10:03","modified_gmt":"2016-08-03T04:10:03","slug":"ventajas-al-contratar-asap","status":"publish","type":"page","link":"https:\/\/asap-uva.com\/?page_id=175","title":{"rendered":"Ventajas al Contratar ASAP"},"content":{"rendered":"<div style='text-align:justify'>\n<i class=\"fa fa-lock\" style=\"color: #fdb913;font-size:40px;padding-right:10px;\"><\/i> Contamos con un convenio de confidencialidad el cual garantiza que la informaci\u00f3n proporcionada por nuestros clientes ser\u00e1 manejada de forma correcta.<\/p>\n<p><i class=\"fa fa-level-down\" style=\"color: #fdb913;font-size:40px;padding-right:10px;\"><\/i> Trabajamos bajo un nuevo esquema que permite al importador ahorrar tiempo, dinero y agilizar los tr\u00e1mites derivados de la importaci\u00f3n.<\/p>\n<p><i class=\"fa fa-hourglass-start\" style=\"color: #fdb913;font-size:40px;padding-right:10px;\"><\/i> Disminuimos el tiempo de desaduanamiento de la mercanc\u00eda de importaci\u00f3n ya que es suficiente presentar en la Aduana el contrato de prestaci\u00f3n de servicios y solicitud de servicio para posponer el cumplimiento con las NOM\u2019s (requisito no arancelario) dentro de un almac\u00e9n o en domicilio particular.<\/p>\n<p><i class=\"fa fa-file-text-o\" style=\"color: #fdb913;font-size:40px;padding-right:10px;\"><\/i> Emitimos documentos que avalan el cumplimiento con las NOM\u2019s y son reconocidos por todas las autoridades competentes.<\/p>\n<p><i class=\"fa fa-hand-paper-o\" style=\"color: #fdb913;font-size:40px;padding-right:10px;\"><\/i> Evitamos inmovilizaci\u00f3n de mercanc\u00eda en punto de venta, al emitir documentos que respaldan al fabricante o importador de la mercanc\u00eda.<\/p>\n<p><i class=\"fa fa-star\" style=\"color: #fdb913;font-size:40px;padding-right:10px;\"><\/i> Proporcionamos comodidad al cliente para el manejo de su mercanc\u00eda de acuerdo a sus pedidos, ya que en el caso de productos importados, se pueden emitir dict\u00e1menes de cumplimiento parciales. Adem\u00e1s contamos con:<\/p>\n<p>a) Personal calificado, din\u00e1mico y creativo.<\/p>\n<p>b) Respuesta en el menor tiempo posible.<\/p>\n<p>c) Precios competitivos.<\/p>\n<p>d) Eficiencia y eficacia a trav\u00e9s de la Automatizaci\u00f3n del servicio.<\/p>\n<p>e) Contrato por tiempo indefinido y multinorma.\n<\/p><\/div>\n","protected":false},"excerpt":{"rendered":"<p>Contamos con un convenio de confidencialidad el cual garantiza que la informaci\u00f3n proporcionada por nuestros clientes ser\u00e1 manejada de forma correcta. Trabajamos bajo un nuevo esquema que permite al importador ahorrar tiempo, dinero y agilizar los tr\u00e1mites derivados de la importaci\u00f3n. Disminuimos el tiempo de desaduanamiento de la mercanc\u00eda de importaci\u00f3n ya que es suficiente [&hellip;]<\/p>\n","protected":false},"author":1,"featured_media":0,"parent":0,"menu_order":0,"comment_status":"closed","ping_status":"closed","template":"","meta":{"footnotes":""},"class_list":["post-175","page","type-page","status-publish","hentry"],"_links":{"self":[{"href":"https:\/\/asap-uva.com\/index.php?rest_route=\/wp\/v2\/pages\/175","targetHints":{"allow":["GET"]}}],"collection":[{"href":"https:\/\/asap-uva.com\/index.php?rest_route=\/wp\/v2\/pages"}],"about":[{"href":"https:\/\/asap-uva.com\/index.php?rest_route=\/wp\/v2\/types\/page"}],"author":[{"embeddable":true,"href":"https:\/\/asap-uva.com\/index.php?rest_route=\/wp\/v2\/users\/1"}],"replies":[{"embeddable":true,"href":"https:\/\/asap-uva.com\/index.php?rest_route=%2Fwp%2Fv2%2Fcomments&post=175"}],"version-history":[{"count":9,"href":"https:\/\/asap-uva.com\/index.php?rest_route=\/wp\/v2\/pages\/175\/revisions"}],"predecessor-version":[{"id":184,"href":"https:\/\/asap-uva.com\/index.php?rest_route=\/wp\/v2\/pages\/175\/revisions\/184"}],"wp:attachment":[{"href":"https:\/\/asap-uva.com\/index.php?rest_route=%2Fwp%2Fv2%2Fmedia&parent=175"}],"curies":[{"name":"wp","href":"https:\/\/api.w.org\/{rel}","templated":true}]}}