{"id":88,"date":"2016-08-02T12:03:09","date_gmt":"2016-08-02T18:03:09","guid":{"rendered":"http:\/\/asap-uva.com\/?page_id=88"},"modified":"2020-06-29T10:43:26","modified_gmt":"2020-06-29T16:43:26","slug":"contactanos","status":"publish","type":"page","link":"https:\/\/asap-uva.com\/?page_id=88","title":{"rendered":"CONT\u00c1CTANOS"},"content":{"rendered":"<div class=\"su-row\">\n<div class=\"su-column su-column-size-1-2\"><div class=\"su-column-inner su-u-clearfix su-u-trim\">\n<h3 style=\"text-align: center;\">Datos de Cont\u00e1cto<\/h3>\n<ul class=\"contact-info\">\n<li><i class=\"fa fa-map-marker\" style=\"color: #fdb913;\"><\/i>&nbsp; Avenida 602, No.50, Col. San Juan de Arag\u00f3n IV Secci\u00f3n, Alcald\u00eda Gustavo A Madero, C.P. 07979, Ciudad de M\u00e9xico, M\u00e9xico.<\/li>\n<li><i class=\"fa fa-phone\" style=\"color: #fdb913;\"><\/i>&nbsp;&nbsp; (55) 5543-5497<\/li>\n<li><i class=\"fa fa-envelope\" style=\"color: #fdb913;\"><\/i>&nbsp;&nbsp; <a style=\"color: #000;\" href=\"mailto:asap1@asap-uva.com\">asap1@asap-uva.com<\/a><\/li>\n<li><i class=\"fa fa-clock-o\" style=\"color: #fdb913;\"><\/i>&nbsp;&nbsp; Lunes a Viernes: 9:00-18:00<\/li>\n<\/ul>\n<h3 style=\"text-align: center;\">Mandanos un Mensaje<\/h3>\n\n<div class=\"wpcf7 no-js\" id=\"wpcf7-f103-o1\" lang=\"es-MX\" dir=\"ltr\" data-wpcf7-id=\"103\">\n<div class=\"screen-reader-response\"><p role=\"status\" aria-live=\"polite\" aria-atomic=\"true\"><\/p> <ul><\/ul><\/div>\n<form action=\"\/index.php?rest_route=%2Fwp%2Fv2%2Fpages%2F88#wpcf7-f103-o1\" method=\"post\" class=\"wpcf7-form init\" aria-label=\"Formulario de contacto\" novalidate=\"novalidate\" data-status=\"init\">\n<fieldset class=\"hidden-fields-container\"><input type=\"hidden\" name=\"_wpcf7\" value=\"103\" \/><input type=\"hidden\" name=\"_wpcf7_version\" value=\"6.1.1\" \/><input type=\"hidden\" name=\"_wpcf7_locale\" value=\"es_MX\" \/><input type=\"hidden\" name=\"_wpcf7_unit_tag\" value=\"wpcf7-f103-o1\" \/><input type=\"hidden\" name=\"_wpcf7_container_post\" value=\"0\" \/><input type=\"hidden\" name=\"_wpcf7_posted_data_hash\" value=\"\" \/><input type=\"hidden\" name=\"_wpcf7_recaptcha_response\" value=\"\" \/>\n<\/fieldset>\n<p>Nombre (requerido)\n<\/p>\n<p><span class=\"wpcf7-form-control-wrap\" data-name=\"your-name\"><input size=\"40\" maxlength=\"400\" class=\"wpcf7-form-control wpcf7-text wpcf7-validates-as-required\" aria-required=\"true\" aria-invalid=\"false\" value=\"\" type=\"text\" name=\"your-name\" \/><\/span>\n<\/p>\n<p>Tel\u00e9fono para contactarte (requerido)\n<\/p>\n<p><span class=\"wpcf7-form-control-wrap\" data-name=\"your-tel\"><input size=\"40\" maxlength=\"400\" class=\"wpcf7-form-control wpcf7-tel wpcf7-validates-as-required wpcf7-text wpcf7-validates-as-tel\" aria-required=\"true\" aria-invalid=\"false\" value=\"\" type=\"tel\" name=\"your-tel\" \/><\/span>\n<\/p>\n<p>Celular para contactarte (opcional)\n<\/p>\n<p><span class=\"wpcf7-form-control-wrap\" data-name=\"your-cel\"><input size=\"40\" maxlength=\"400\" class=\"wpcf7-form-control wpcf7-tel wpcf7-text wpcf7-validates-as-tel\" aria-invalid=\"false\" value=\"\" type=\"tel\" name=\"your-cel\" \/><\/span>\n<\/p>\n<p>Correo electr\u00f3nico para contactarte (opcional)\n<\/p>\n<p><span class=\"wpcf7-form-control-wrap\" data-name=\"your-email\"><input size=\"40\" maxlength=\"400\" class=\"wpcf7-form-control wpcf7-email wpcf7-text wpcf7-validates-as-email\" aria-invalid=\"false\" value=\"\" type=\"email\" name=\"your-email\" \/><\/span>\n<\/p>\n<p>Mensaje (requerido)\n<\/p>\n<p><span class=\"wpcf7-form-control-wrap\" data-name=\"your-message\"><textarea cols=\"40\" rows=\"10\" maxlength=\"2000\" class=\"wpcf7-form-control wpcf7-textarea wpcf7-validates-as-required\" aria-required=\"true\" aria-invalid=\"false\" name=\"your-message\"><\/textarea><\/span>\n<\/p>\n<p style='text-align:center;'><input class=\"wpcf7-form-control wpcf7-submit has-spinner\" type=\"submit\" value=\"Enviar\" \/>\n<\/p><div class=\"wpcf7-response-output\" aria-hidden=\"true\"><\/div>\n<\/form>\n<\/div>\n\n<\/div><\/div>\n<div class=\"su-column su-column-size-1-2\"><div class=\"su-column-inner su-u-clearfix su-u-trim\">\n<h3 style=\"text-align: center;\">Mapa de Ubicaci\u00f3n<\/h3>\n<p><iframe loading=\"lazy\" src=\"https:\/\/www.google.com\/maps\/embed?pb=!1m18!1m12!1m3!1d3762.165582695215!2d-99.06590448559368!3d19.448426486875256!2m3!1f0!2f0!3f0!3m2!1i1024!2i768!4f13.1!3m3!1m2!1s0x85d1fb84b472ac3f%3A0x191739225a83b079!2sAv.%20602%2050%2C%20San%20Juan%20de%20Arag%C3%B3n%20V%20Secc%2C%20Gustavo%20A.%20Madero%2C%2007979%20Ciudad%20de%20M%C3%A9xico%2C%20CDMX!5e0!3m2!1ses!2smx!4v1593448961926!5m2!1ses!2smx\" width=\"600\" height=\"450\" frameborder=\"0\" style=\"border:0;\" allowfullscreen=\"\" aria-hidden=\"false\" tabindex=\"0\"><\/iframe><br \/>\n&nbsp;<\/p>\n<p>&nbsp;<\/p>\n<p style=\"text-align: center;\"><a href=\"http:\/\/asap-uva.com\/?page_id=112\"> <i class=\"fa fa-file-text-o\" style=\"color: #00467f; font-size: 30px;\"><\/i> &nbsp;&nbsp; Ver Aviso de Privacidad&nbsp;<\/a><\/p>\n<\/div><\/div>\n<\/div>\n","protected":false},"excerpt":{"rendered":"","protected":false},"author":1,"featured_media":0,"parent":0,"menu_order":0,"comment_status":"closed","ping_status":"closed","template":"","meta":{"footnotes":""},"class_list":["post-88","page","type-page","status-publish","hentry"],"_links":{"self":[{"href":"https:\/\/asap-uva.com\/index.php?rest_route=\/wp\/v2\/pages\/88","targetHints":{"allow":["GET"]}}],"collection":[{"href":"https:\/\/asap-uva.com\/index.php?rest_route=\/wp\/v2\/pages"}],"about":[{"href":"https:\/\/asap-uva.com\/index.php?rest_route=\/wp\/v2\/types\/page"}],"author":[{"embeddable":true,"href":"https:\/\/asap-uva.com\/index.php?rest_route=\/wp\/v2\/users\/1"}],"replies":[{"embeddable":true,"href":"https:\/\/asap-uva.com\/index.php?rest_route=%2Fwp%2Fv2%2Fcomments&post=88"}],"version-history":[{"count":32,"href":"https:\/\/asap-uva.com\/index.php?rest_route=\/wp\/v2\/pages\/88\/revisions"}],"predecessor-version":[{"id":226,"href":"https:\/\/asap-uva.com\/index.php?rest_route=\/wp\/v2\/pages\/88\/revisions\/226"}],"wp:attachment":[{"href":"https:\/\/asap-uva.com\/index.php?rest_route=%2Fwp%2Fv2%2Fmedia&parent=88"}],"curies":[{"name":"wp","href":"https:\/\/api.w.org\/{rel}","templated":true}]}}